{"id":631,"date":"2026-03-27T13:45:16","date_gmt":"2026-03-27T11:45:16","guid":{"rendered":"https:\/\/vpddesign.pl\/renowacja-posadzek\/odswiezanie-powlok\/"},"modified":"2026-04-09T16:04:11","modified_gmt":"2026-04-09T14:04:11","slug":"odswiezanie-powlok","status":"publish","type":"page","link":"https:\/\/vpddesign.pl\/en\/renowacja-posadzek\/odswiezanie-powlok\/","title":{"rendered":"Od\u015bwie\u017canie pow\u0142ok"},"content":{"rendered":"","protected":false},"excerpt":{"rendered":"<p>Specjalistyczna us\u0142uga w ramach system\u00f3w posadzkowych<\/p>","protected":false},"author":1,"featured_media":0,"parent":627,"menu_order":49,"comment_status":"open","ping_status":"closed","template":"","meta":{"_acf_changed":false,"footnotes":""},"class_list":["post-631","page","type-page","status-publish","hentry"],"acf":[],"yoast_head":"<!-- This site is optimized with the Yoast SEO plugin v27.5 - https:\/\/yoast.com\/product\/yoast-seo-wordpress\/ -->\n<title>Od\u015bwie\u017canie pow\u0142ok - VPD Design<\/title>\n<meta name=\"robots\" content=\"noindex, follow, max-snippet:-1, max-image-preview:large, max-video-preview:-1\" \/>\n<meta property=\"og:locale\" content=\"en_US\" \/>\n<meta property=\"og:type\" content=\"article\" \/>\n<meta property=\"og:title\" content=\"Od\u015bwie\u017canie pow\u0142ok - VPD Design\" \/>\n<meta property=\"og:description\" content=\"Specjalistyczna us\u0142uga w ramach system\u00f3w posadzkowych\" \/>\n<meta property=\"og:url\" content=\"https:\/\/vpddesign.pl\/en\/renowacja-posadzek\/odswiezanie-powlok\/\" \/>\n<meta property=\"og:site_name\" content=\"VPD Design\" \/>\n<meta property=\"article:modified_time\" content=\"2026-04-09T14:04:11+00:00\" \/>\n<meta name=\"twitter:card\" content=\"summary_large_image\" \/>\n<script type=\"application\/ld+json\" class=\"yoast-schema-graph\">{\"@context\":\"https:\\\/\\\/schema.org\",\"@graph\":[{\"@type\":\"WebPage\",\"@id\":\"https:\\\/\\\/vpddesign.pl\\\/renowacja-posadzek\\\/odswiezanie-powlok\\\/\",\"url\":\"https:\\\/\\\/vpddesign.pl\\\/renowacja-posadzek\\\/odswiezanie-powlok\\\/\",\"name\":\"Od\u015bwie\u017canie pow\u0142ok - VPD Design\",\"isPartOf\":{\"@id\":\"https:\\\/\\\/vpddesign.pl\\\/#website\"},\"datePublished\":\"2026-03-27T11:45:16+00:00\",\"dateModified\":\"2026-04-09T14:04:11+00:00\",\"breadcrumb\":{\"@id\":\"https:\\\/\\\/vpddesign.pl\\\/renowacja-posadzek\\\/odswiezanie-powlok\\\/#breadcrumb\"},\"inLanguage\":\"en-US\",\"potentialAction\":[{\"@type\":\"ReadAction\",\"target\":[\"https:\\\/\\\/vpddesign.pl\\\/renowacja-posadzek\\\/odswiezanie-powlok\\\/\"]}]},{\"@type\":\"BreadcrumbList\",\"@id\":\"https:\\\/\\\/vpddesign.pl\\\/renowacja-posadzek\\\/odswiezanie-powlok\\\/#breadcrumb\",\"itemListElement\":[{\"@type\":\"ListItem\",\"position\":1,\"name\":\"Strona g\u0142\u00f3wna\",\"item\":\"https:\\\/\\\/vpddesign.pl\\\/\"},{\"@type\":\"ListItem\",\"position\":2,\"name\":\"Renowacja posadzek\",\"item\":\"https:\\\/\\\/vpddesign.pl\\\/renowacja-posadzek\\\/\"},{\"@type\":\"ListItem\",\"position\":3,\"name\":\"Od\u015bwie\u017canie pow\u0142ok\"}]},{\"@type\":\"WebSite\",\"@id\":\"https:\\\/\\\/vpddesign.pl\\\/#website\",\"url\":\"https:\\\/\\\/vpddesign.pl\\\/\",\"name\":\"VPD Design\",\"description\":\"\",\"potentialAction\":[{\"@type\":\"SearchAction\",\"target\":{\"@type\":\"EntryPoint\",\"urlTemplate\":\"https:\\\/\\\/vpddesign.pl\\\/?s={search_term_string}\"},\"query-input\":{\"@type\":\"PropertyValueSpecification\",\"valueRequired\":true,\"valueName\":\"search_term_string\"}}],\"inLanguage\":\"en-US\"}]}<\/script>\n<!-- \/ Yoast SEO plugin. -->","yoast_head_json":{"title":"Od\u015bwie\u017canie pow\u0142ok - VPD Design","robots":{"index":"noindex","follow":"follow","max-snippet":"max-snippet:-1","max-image-preview":"max-image-preview:large","max-video-preview":"max-video-preview:-1"},"og_locale":"en_US","og_type":"article","og_title":"Od\u015bwie\u017canie pow\u0142ok - VPD Design","og_description":"Specjalistyczna us\u0142uga w ramach system\u00f3w posadzkowych","og_url":"https:\/\/vpddesign.pl\/en\/renowacja-posadzek\/odswiezanie-powlok\/","og_site_name":"VPD Design","article_modified_time":"2026-04-09T14:04:11+00:00","twitter_card":"summary_large_image","schema":{"@context":"https:\/\/schema.org","@graph":[{"@type":"WebPage","@id":"https:\/\/vpddesign.pl\/renowacja-posadzek\/odswiezanie-powlok\/","url":"https:\/\/vpddesign.pl\/renowacja-posadzek\/odswiezanie-powlok\/","name":"Od\u015bwie\u017canie pow\u0142ok - VPD Design","isPartOf":{"@id":"https:\/\/vpddesign.pl\/#website"},"datePublished":"2026-03-27T11:45:16+00:00","dateModified":"2026-04-09T14:04:11+00:00","breadcrumb":{"@id":"https:\/\/vpddesign.pl\/renowacja-posadzek\/odswiezanie-powlok\/#breadcrumb"},"inLanguage":"en-US","potentialAction":[{"@type":"ReadAction","target":["https:\/\/vpddesign.pl\/renowacja-posadzek\/odswiezanie-powlok\/"]}]},{"@type":"BreadcrumbList","@id":"https:\/\/vpddesign.pl\/renowacja-posadzek\/odswiezanie-powlok\/#breadcrumb","itemListElement":[{"@type":"ListItem","position":1,"name":"Strona g\u0142\u00f3wna","item":"https:\/\/vpddesign.pl\/"},{"@type":"ListItem","position":2,"name":"Renowacja posadzek","item":"https:\/\/vpddesign.pl\/renowacja-posadzek\/"},{"@type":"ListItem","position":3,"name":"Od\u015bwie\u017canie pow\u0142ok"}]},{"@type":"WebSite","@id":"https:\/\/vpddesign.pl\/#website","url":"https:\/\/vpddesign.pl\/","name":"VPD Design","description":"","potentialAction":[{"@type":"SearchAction","target":{"@type":"EntryPoint","urlTemplate":"https:\/\/vpddesign.pl\/?s={search_term_string}"},"query-input":{"@type":"PropertyValueSpecification","valueRequired":true,"valueName":"search_term_string"}}],"inLanguage":"en-US"}]}},"_links":{"self":[{"href":"https:\/\/vpddesign.pl\/en\/wp-json\/wp\/v2\/pages\/631","targetHints":{"allow":["GET"]}}],"collection":[{"href":"https:\/\/vpddesign.pl\/en\/wp-json\/wp\/v2\/pages"}],"about":[{"href":"https:\/\/vpddesign.pl\/en\/wp-json\/wp\/v2\/types\/page"}],"author":[{"embeddable":true,"href":"https:\/\/vpddesign.pl\/en\/wp-json\/wp\/v2\/users\/1"}],"replies":[{"embeddable":true,"href":"https:\/\/vpddesign.pl\/en\/wp-json\/wp\/v2\/comments?post=631"}],"version-history":[{"count":1,"href":"https:\/\/vpddesign.pl\/en\/wp-json\/wp\/v2\/pages\/631\/revisions"}],"predecessor-version":[{"id":720,"href":"https:\/\/vpddesign.pl\/en\/wp-json\/wp\/v2\/pages\/631\/revisions\/720"}],"up":[{"embeddable":true,"href":"https:\/\/vpddesign.pl\/en\/wp-json\/wp\/v2\/pages\/627"}],"wp:attachment":[{"href":"https:\/\/vpddesign.pl\/en\/wp-json\/wp\/v2\/media?parent=631"}],"curies":[{"name":"wp","href":"https:\/\/api.w.org\/{rel}","templated":true}]}}