{"id":637,"date":"2026-03-27T13:45:17","date_gmt":"2026-03-27T11:45:17","guid":{"rendered":"https:\/\/vpddesign.pl\/powloki-chemoodporne\/"},"modified":"2026-04-09T16:00:23","modified_gmt":"2026-04-09T14:00:23","slug":"powloki-chemoodporne","status":"publish","type":"page","link":"https:\/\/vpddesign.pl\/en\/impregnacja-i-zabezpieczenie-posadzek\/powloki-chemoodporne\/","title":{"rendered":"Pow\u0142oki chemoodporne"},"content":{"rendered":"","protected":false},"excerpt":{"rendered":"<p>Specjalistyczna us\u0142uga w ramach system\u00f3w posadzkowych<\/p>","protected":false},"author":1,"featured_media":0,"parent":633,"menu_order":44,"comment_status":"open","ping_status":"closed","template":"","meta":{"_acf_changed":false,"footnotes":""},"class_list":["post-637","page","type-page","status-publish","hentry"],"acf":[],"yoast_head":"<!-- This site is optimized with the Yoast SEO plugin v27.5 - https:\/\/yoast.com\/product\/yoast-seo-wordpress\/ -->\n<title>Pow\u0142oki chemoodporne - VPD Design<\/title>\n<meta name=\"robots\" content=\"noindex, follow, max-snippet:-1, max-image-preview:large, max-video-preview:-1\" \/>\n<meta property=\"og:locale\" content=\"en_US\" \/>\n<meta property=\"og:type\" content=\"article\" \/>\n<meta property=\"og:title\" content=\"Pow\u0142oki chemoodporne - VPD Design\" \/>\n<meta property=\"og:description\" content=\"Specjalistyczna us\u0142uga w ramach system\u00f3w posadzkowych\" \/>\n<meta property=\"og:url\" content=\"https:\/\/vpddesign.pl\/en\/impregnacja-i-zabezpieczenie-posadzek\/powloki-chemoodporne\/\" \/>\n<meta property=\"og:site_name\" content=\"VPD Design\" \/>\n<meta property=\"article:modified_time\" content=\"2026-04-09T14:00:23+00:00\" \/>\n<meta name=\"twitter:card\" content=\"summary_large_image\" \/>\n<script type=\"application\/ld+json\" class=\"yoast-schema-graph\">{\"@context\":\"https:\\\/\\\/schema.org\",\"@graph\":[{\"@type\":\"WebPage\",\"@id\":\"https:\\\/\\\/vpddesign.pl\\\/impregnacja-i-zabezpieczenie-posadzek\\\/powloki-chemoodporne\\\/\",\"url\":\"https:\\\/\\\/vpddesign.pl\\\/impregnacja-i-zabezpieczenie-posadzek\\\/powloki-chemoodporne\\\/\",\"name\":\"Pow\u0142oki chemoodporne - VPD Design\",\"isPartOf\":{\"@id\":\"https:\\\/\\\/vpddesign.pl\\\/#website\"},\"datePublished\":\"2026-03-27T11:45:17+00:00\",\"dateModified\":\"2026-04-09T14:00:23+00:00\",\"breadcrumb\":{\"@id\":\"https:\\\/\\\/vpddesign.pl\\\/impregnacja-i-zabezpieczenie-posadzek\\\/powloki-chemoodporne\\\/#breadcrumb\"},\"inLanguage\":\"en-US\",\"potentialAction\":[{\"@type\":\"ReadAction\",\"target\":[\"https:\\\/\\\/vpddesign.pl\\\/impregnacja-i-zabezpieczenie-posadzek\\\/powloki-chemoodporne\\\/\"]}]},{\"@type\":\"BreadcrumbList\",\"@id\":\"https:\\\/\\\/vpddesign.pl\\\/impregnacja-i-zabezpieczenie-posadzek\\\/powloki-chemoodporne\\\/#breadcrumb\",\"itemListElement\":[{\"@type\":\"ListItem\",\"position\":1,\"name\":\"Strona g\u0142\u00f3wna\",\"item\":\"https:\\\/\\\/vpddesign.pl\\\/\"},{\"@type\":\"ListItem\",\"position\":2,\"name\":\"Impregnacja i zabezpieczenie posadzek\",\"item\":\"https:\\\/\\\/vpddesign.pl\\\/impregnacja-i-zabezpieczenie-posadzek\\\/\"},{\"@type\":\"ListItem\",\"position\":3,\"name\":\"Pow\u0142oki chemoodporne\"}]},{\"@type\":\"WebSite\",\"@id\":\"https:\\\/\\\/vpddesign.pl\\\/#website\",\"url\":\"https:\\\/\\\/vpddesign.pl\\\/\",\"name\":\"VPD Design\",\"description\":\"\",\"potentialAction\":[{\"@type\":\"SearchAction\",\"target\":{\"@type\":\"EntryPoint\",\"urlTemplate\":\"https:\\\/\\\/vpddesign.pl\\\/?s={search_term_string}\"},\"query-input\":{\"@type\":\"PropertyValueSpecification\",\"valueRequired\":true,\"valueName\":\"search_term_string\"}}],\"inLanguage\":\"en-US\"}]}<\/script>\n<!-- \/ Yoast SEO plugin. -->","yoast_head_json":{"title":"Pow\u0142oki chemoodporne - VPD Design","robots":{"index":"noindex","follow":"follow","max-snippet":"max-snippet:-1","max-image-preview":"max-image-preview:large","max-video-preview":"max-video-preview:-1"},"og_locale":"en_US","og_type":"article","og_title":"Pow\u0142oki chemoodporne - VPD Design","og_description":"Specjalistyczna us\u0142uga w ramach system\u00f3w posadzkowych","og_url":"https:\/\/vpddesign.pl\/en\/impregnacja-i-zabezpieczenie-posadzek\/powloki-chemoodporne\/","og_site_name":"VPD Design","article_modified_time":"2026-04-09T14:00:23+00:00","twitter_card":"summary_large_image","schema":{"@context":"https:\/\/schema.org","@graph":[{"@type":"WebPage","@id":"https:\/\/vpddesign.pl\/impregnacja-i-zabezpieczenie-posadzek\/powloki-chemoodporne\/","url":"https:\/\/vpddesign.pl\/impregnacja-i-zabezpieczenie-posadzek\/powloki-chemoodporne\/","name":"Pow\u0142oki chemoodporne - VPD Design","isPartOf":{"@id":"https:\/\/vpddesign.pl\/#website"},"datePublished":"2026-03-27T11:45:17+00:00","dateModified":"2026-04-09T14:00:23+00:00","breadcrumb":{"@id":"https:\/\/vpddesign.pl\/impregnacja-i-zabezpieczenie-posadzek\/powloki-chemoodporne\/#breadcrumb"},"inLanguage":"en-US","potentialAction":[{"@type":"ReadAction","target":["https:\/\/vpddesign.pl\/impregnacja-i-zabezpieczenie-posadzek\/powloki-chemoodporne\/"]}]},{"@type":"BreadcrumbList","@id":"https:\/\/vpddesign.pl\/impregnacja-i-zabezpieczenie-posadzek\/powloki-chemoodporne\/#breadcrumb","itemListElement":[{"@type":"ListItem","position":1,"name":"Strona g\u0142\u00f3wna","item":"https:\/\/vpddesign.pl\/"},{"@type":"ListItem","position":2,"name":"Impregnacja i zabezpieczenie posadzek","item":"https:\/\/vpddesign.pl\/impregnacja-i-zabezpieczenie-posadzek\/"},{"@type":"ListItem","position":3,"name":"Pow\u0142oki chemoodporne"}]},{"@type":"WebSite","@id":"https:\/\/vpddesign.pl\/#website","url":"https:\/\/vpddesign.pl\/","name":"VPD Design","description":"","potentialAction":[{"@type":"SearchAction","target":{"@type":"EntryPoint","urlTemplate":"https:\/\/vpddesign.pl\/?s={search_term_string}"},"query-input":{"@type":"PropertyValueSpecification","valueRequired":true,"valueName":"search_term_string"}}],"inLanguage":"en-US"}]}},"_links":{"self":[{"href":"https:\/\/vpddesign.pl\/en\/wp-json\/wp\/v2\/pages\/637","targetHints":{"allow":["GET"]}}],"collection":[{"href":"https:\/\/vpddesign.pl\/en\/wp-json\/wp\/v2\/pages"}],"about":[{"href":"https:\/\/vpddesign.pl\/en\/wp-json\/wp\/v2\/types\/page"}],"author":[{"embeddable":true,"href":"https:\/\/vpddesign.pl\/en\/wp-json\/wp\/v2\/users\/1"}],"replies":[{"embeddable":true,"href":"https:\/\/vpddesign.pl\/en\/wp-json\/wp\/v2\/comments?post=637"}],"version-history":[{"count":1,"href":"https:\/\/vpddesign.pl\/en\/wp-json\/wp\/v2\/pages\/637\/revisions"}],"predecessor-version":[{"id":726,"href":"https:\/\/vpddesign.pl\/en\/wp-json\/wp\/v2\/pages\/637\/revisions\/726"}],"up":[{"embeddable":true,"href":"https:\/\/vpddesign.pl\/en\/wp-json\/wp\/v2\/pages\/633"}],"wp:attachment":[{"href":"https:\/\/vpddesign.pl\/en\/wp-json\/wp\/v2\/media?parent=637"}],"curies":[{"name":"wp","href":"https:\/\/api.w.org\/{rel}","templated":true}]}}